{"id":1441,"date":"2020-01-07T16:02:57","date_gmt":"2020-01-07T16:02:57","guid":{"rendered":"http:\/\/home.hochwaldkelten.de\/?page_id=1441"},"modified":"2020-01-07T16:03:55","modified_gmt":"2020-01-07T16:03:55","slug":"workshop-keltische-schuhe","status":"publish","type":"page","link":"http:\/\/home.hochwaldkelten.de\/workshop-keltische-schuhe\/","title":{"rendered":"Workshop keltische Schuhe"},"content":{"rendered":"\t\t<div data-elementor-type=\"wp-page\" data-elementor-id=\"1441\" class=\"elementor elementor-1441\" data-elementor-post-type=\"page\">\n\t\t\t\t\t\t<section class=\"elementor-section elementor-top-section elementor-element elementor-element-50d07d1 elementor-section-boxed elementor-section-height-default elementor-section-height-default\" data-id=\"50d07d1\" data-element_type=\"section\" data-e-type=\"section\">\n\t\t\t\t\t\t<div class=\"elementor-container elementor-column-gap-default\">\n\t\t\t\t\t<div class=\"elementor-column elementor-col-100 elementor-top-column elementor-element elementor-element-f8ffc7b\" data-id=\"f8ffc7b\" data-element_type=\"column\" data-e-type=\"column\">\n\t\t\t<div class=\"elementor-widget-wrap elementor-element-populated\">\n\t\t\t\t\t\t<div class=\"elementor-element elementor-element-6c7c6f8 elementor-widget elementor-widget-text-editor\" data-id=\"6c7c6f8\" data-element_type=\"widget\" data-e-type=\"widget\" data-widget_type=\"text-editor.default\">\n\t\t\t\t<div class=\"elementor-widget-container\">\n\t\t\t\t\t\t\t\t\t<h1><span style=\"color: #000000;\">Workshop zum Bau keltischer Schuhe &#8211; Schnabelschuhe: <\/span><span style=\"color: #000000;\">18. + 19. Januar 2020<\/span><\/h1><p><span style=\"color: #000000;\">\u00dcber das Aussehen von keltischem Schuhwerk ist man durch Bodenfunde und Abbildungen informiert. Allerdings l\u00e4sst die Quellenlage einigen Interpretationsspielraum zu. Auf fr\u00fchlat\u00e8nezeitlichem Schmuck (ca. 450-250 v. Chr.) findet man nicht selten die Darstellung von spitzen Schuhen, sog. Schnabelschuhen. Aus unserer Region stammen viele Zierkn\u00f6pfe, die man an diesen Schuhen getragen hat (z.B. aus Sitzerath, Bescheid, Sien oder der verzierte G\u00fcrtelhaken von Weiskirchen mit Darstellung von Schnabelschuhen; Foto: https:\/\/rlp.museum-digital.de\/index.php?t=objekt&amp;oges=903&amp;cachesLoaded=true )<\/span><\/p><p><span style=\"color: #000000;\">Marius Kempf (Projekt Lat\u00e8ne) ist Experte f\u00fcr keltisches Reenactment und Arch\u00e4otechniker und bietet am 18. + 19. Januar 2020 einen Schuhbaukurs an. Die Teilnehmer werden \u00fcber aktuelle Rekonstruktionsvorschl\u00e4ge aus der Arch\u00e4ologie informiert und erhalten eine Einweisung in Theorie und Praxis der keltischen Schuhkonstruktion. Sie lernen und bauen sich ein eigenes Paar Schuhe, dass sich f\u00fcr das Reenactment eignet.<\/span><\/p><p><span style=\"color: #000000;\">Die Teilnehmer bringen bitte mit:<\/span><br \/><span style=\"color: #000000;\">&#8211; altes Brett, ca. 30 cm x 30 cm als Unterlage<\/span><br \/><span style=\"color: #000000;\">&#8211; Hammer und Nagel als Ahlenersatz (wenn vorhanden auch gerne Ahle)<\/span><br \/><span style=\"color: #000000;\">&#8211; Bastelskalpell bzw. -cutter<\/span><br \/><span style=\"color: #000000;\">&#8211; Allzweckschere<\/span><br \/><span style=\"color: #000000;\">&#8211; 2x spitze Stopfnadel (stabil, gro\u00dfes Nadel\u00f6hr)<\/span><br \/><span style=\"color: #000000;\">&#8211; wasserdichter Holzleim<\/span><br \/><span style=\"color: #000000;\">&#8211; Bleistift, Kugelschreiber, Lineal 30 cm, Geodreieck mit Winkelmesser<\/span><br \/><span style=\"color: #000000;\">&#8211; DIN A3 Zeichenblock<\/span><\/p><p><span style=\"color: #000000;\">Kosten<\/span><br \/><span style=\"color: #000000;\">Teilnehmergeb\u00fchr 25 \u20ac + 30 \u20ac Material<\/span><\/p><p><span style=\"color: #000000;\">Veranstalter<\/span><br \/><span style=\"color: #000000;\">Gemeinde Nonnweiler in Kooperation mit Freundeskreis keltischer Ringwall Otzenhausen e.V.<\/span><\/p><p><span style=\"color: #000000;\">Ort<\/span><br \/><span style=\"color: #000000;\">Gasst\u00e4tte &#8222;Zum Freihof&#8220; in Schwarzenbach (Nonnweiler) im Kaminzimmer \ud83d\ude42<\/span><\/p><p><span style=\"color: #000000;\">Anmeldung <\/span><br \/><span style=\"color: #000000;\">bis zum 31.12.2019 an michael.koch@hochwaldkelten.de<\/span><\/p><p><span style=\"color: #000000;\">Ablaufplanung<\/span><br \/><span style=\"color: #000000;\">Samstag<\/span><br \/><span style=\"color: #000000;\">9.30 Uhr Beginn<\/span><br \/><span style=\"color: #000000;\">15.30 Uhr Schluss<\/span><\/p><p><span style=\"color: #000000;\">Sonntag<\/span><br \/><span style=\"color: #000000;\">10.00 Uhr Beginn<\/span><br \/><span style=\"color: #000000;\">16.00 Uhr Schluss<\/span><\/p>\t\t\t\t\t\t\t\t<\/div>\n\t\t\t\t<\/div>\n\t\t\t\t\t<\/div>\n\t\t<\/div>\n\t\t\t\t\t<\/div>\n\t\t<\/section>\n\t\t\t\t<\/div>\n\t\t","protected":false},"excerpt":{"rendered":"","protected":false},"author":1,"featured_media":0,"parent":0,"menu_order":0,"comment_status":"closed","ping_status":"closed","template":"","meta":{"footnotes":""},"class_list":["post-1441","page","type-page","status-publish","hentry"],"_links":{"self":[{"href":"http:\/\/home.hochwaldkelten.de\/wp-json\/wp\/v2\/pages\/1441","targetHints":{"allow":["GET"]}}],"collection":[{"href":"http:\/\/home.hochwaldkelten.de\/wp-json\/wp\/v2\/pages"}],"about":[{"href":"http:\/\/home.hochwaldkelten.de\/wp-json\/wp\/v2\/types\/page"}],"author":[{"embeddable":true,"href":"http:\/\/home.hochwaldkelten.de\/wp-json\/wp\/v2\/users\/1"}],"replies":[{"embeddable":true,"href":"http:\/\/home.hochwaldkelten.de\/wp-json\/wp\/v2\/comments?post=1441"}],"version-history":[{"count":1,"href":"http:\/\/home.hochwaldkelten.de\/wp-json\/wp\/v2\/pages\/1441\/revisions"}],"predecessor-version":[{"id":1442,"href":"http:\/\/home.hochwaldkelten.de\/wp-json\/wp\/v2\/pages\/1441\/revisions\/1442"}],"wp:attachment":[{"href":"http:\/\/home.hochwaldkelten.de\/wp-json\/wp\/v2\/media?parent=1441"}],"curies":[{"name":"wp","href":"https:\/\/api.w.org\/{rel}","templated":true}]}}