{"id":1444,"date":"2020-01-07T16:13:20","date_gmt":"2020-01-07T16:13:20","guid":{"rendered":"http:\/\/home.hochwaldkelten.de\/?page_id=1444"},"modified":"2020-01-17T13:34:33","modified_gmt":"2020-01-17T13:34:33","slug":"neujahrsempfang","status":"publish","type":"page","link":"http:\/\/home.hochwaldkelten.de\/neujahrsempfang\/","title":{"rendered":"Neujahrsempfang"},"content":{"rendered":"\t\t<div data-elementor-type=\"wp-page\" data-elementor-id=\"1444\" class=\"elementor elementor-1444\" data-elementor-post-type=\"page\">\n\t\t\t\t\t\t<section class=\"elementor-section elementor-top-section elementor-element elementor-element-0730163 elementor-section-boxed elementor-section-height-default elementor-section-height-default\" data-id=\"0730163\" data-element_type=\"section\" data-e-type=\"section\">\n\t\t\t\t\t\t<div class=\"elementor-container elementor-column-gap-default\">\n\t\t\t\t\t<div class=\"elementor-column elementor-col-100 elementor-top-column elementor-element elementor-element-79f8fb5\" data-id=\"79f8fb5\" data-element_type=\"column\" data-e-type=\"column\">\n\t\t\t<div class=\"elementor-widget-wrap elementor-element-populated\">\n\t\t\t\t\t\t<div class=\"elementor-element elementor-element-9be069c elementor-widget elementor-widget-text-editor\" data-id=\"9be069c\" data-element_type=\"widget\" data-e-type=\"widget\" data-widget_type=\"text-editor.default\">\n\t\t\t\t<div class=\"elementor-widget-container\">\n\t\t\t\t\t\t\t\t\t<h1><em><strong><span style=\"color: #000000;\">Keltischer Neujahrsempfang: 01. Februar 2020<\/span><\/strong><\/em><\/h1>\n<strong><span style=\"color: #000000;\">Dies ist unser allj\u00e4hrlicher \u00b4Neujahrsempfang\u00b4 im Keltenpark und Ringwall Otzenhausen.<\/span><\/strong>\n\n<span style=\"color: #000000;\">Die Veranstaltung ist \u00f6ffentlich, jeder kann teilnehmen!<\/span>\n\n<span style=\"color: #000000;\">Eine kurze Anmeldung w\u00e4re f\u00fcr unsere Planungen prima.<\/span>\n\n<span style=\"color: #000000;\">Im Gemeinschaftshaus im Keltendorf haben wir ein einfaches Podium aufgebaut, wo (mitgebrachte) Decken oder Felle ausgebreitet werden k\u00f6nnen. So k\u00f6nnen vor allem die Kinder die Zeit angenehm verbringen.<\/span>\n\n<span style=\"color: #000000;\">Im Keltendorf werden wir \u00fcber das Jahresprogramm sprechen und k\u00f6nnen uns \u00fcber verschiedene Projekte unterhalten. Bitte denkt an witterungsangepasste Kleidung, auf dem Berg ist es immer deutlich k\u00fchler!<\/span>\n<h3><strong><span style=\"color: #000000;\">14.00 Uhr, Treffpunkt Kassenhaus Keltenpark<\/span><\/strong><\/h3>\n<span style=\"color: #000000;\">Wie \u00fcblich beginnen wir mit einer Wanderung hoch zum Denkmal und genie\u00dfen den Ringwall in seiner winterlichen Pracht. Bekanntlich kann man zu dieser Jahreszeit viel mehr von den W\u00e4llen sehen, da keine Belaubung vorhanden ist \ud83d\ude0a<\/span>\n<span style=\"color: #000000;\">Die Tour dauert nur etwa 1,5-2 Stunden, da dieses mal nicht die Erkl\u00e4rungen im Vordergrund stehen, sondern das Gehen und das Genie\u00dfen von Perspektiven. Vielleicht kann man auch ein paar tolle Fotos machen.<\/span>\n<span style=\"color: #000000;\">Die F\u00fchrung \u00fcbernimmt Michael Koch. Wer nicht mit auf den Berg hoch m\u00f6chte, kann gerne im Keltenpark gemeinsam mit den anderen \u201eAlten\u201c das Feuer h\u00fcten\u2026<\/span>\n<h3><strong><span style=\"color: #000000;\">15.30 Uhr, Treffpunkt Keltenpark<\/span><\/strong><\/h3>\n<span style=\"color: #000000;\">Im Anschluss treffen wir uns, bzw. jene, die nicht mit auf den Berg gehen wollen, um 15.30 Uhr im Keltenpark. Unser Verein stellt Getr\u00e4nke bereit, auch Gl\u00fch-Met \ud83d\ude0a<\/span>\n<span style=\"color: #000000;\">Wie es sich geh\u00f6rt gibt es auch ein Feuer und man kann schwenken. Wir haben W\u00fcrstchen genug da, \u00fcber mitgebrachte Salate, Kuchen usw. freuen wir uns.<\/span>\n\n<span style=\"color: #000000;\">F\u00fcr die Deckung unserer Kosten steht wie immer unsere Spendenkasse bereit.<\/span>\n\n<span style=\"color: #000000;\">Wir danken der Gemeinde Nonnweiler f\u00fcr die Nutzung des Keltenparks.<\/span>\t\t\t\t\t\t\t\t<\/div>\n\t\t\t\t<\/div>\n\t\t\t\t\t<\/div>\n\t\t<\/div>\n\t\t\t\t\t<\/div>\n\t\t<\/section>\n\t\t\t\t<\/div>\n\t\t","protected":false},"excerpt":{"rendered":"","protected":false},"author":1,"featured_media":0,"parent":0,"menu_order":0,"comment_status":"closed","ping_status":"closed","template":"","meta":{"footnotes":""},"class_list":["post-1444","page","type-page","status-publish","hentry"],"_links":{"self":[{"href":"http:\/\/home.hochwaldkelten.de\/wp-json\/wp\/v2\/pages\/1444","targetHints":{"allow":["GET"]}}],"collection":[{"href":"http:\/\/home.hochwaldkelten.de\/wp-json\/wp\/v2\/pages"}],"about":[{"href":"http:\/\/home.hochwaldkelten.de\/wp-json\/wp\/v2\/types\/page"}],"author":[{"embeddable":true,"href":"http:\/\/home.hochwaldkelten.de\/wp-json\/wp\/v2\/users\/1"}],"replies":[{"embeddable":true,"href":"http:\/\/home.hochwaldkelten.de\/wp-json\/wp\/v2\/comments?post=1444"}],"version-history":[{"count":1,"href":"http:\/\/home.hochwaldkelten.de\/wp-json\/wp\/v2\/pages\/1444\/revisions"}],"predecessor-version":[{"id":1445,"href":"http:\/\/home.hochwaldkelten.de\/wp-json\/wp\/v2\/pages\/1444\/revisions\/1445"}],"wp:attachment":[{"href":"http:\/\/home.hochwaldkelten.de\/wp-json\/wp\/v2\/media?parent=1444"}],"curies":[{"name":"wp","href":"https:\/\/api.w.org\/{rel}","templated":true}]}}