{"id":1449,"date":"2020-01-07T16:24:11","date_gmt":"2020-01-07T16:24:11","guid":{"rendered":"http:\/\/home.hochwaldkelten.de\/?page_id=1449"},"modified":"2020-02-27T10:56:30","modified_gmt":"2020-02-27T10:56:30","slug":"archaeo-tour-mit-dem-archaeologen-zum-ringwall-und-ins-keltendorf","status":"publish","type":"page","link":"http:\/\/home.hochwaldkelten.de\/archaeo-tour-mit-dem-archaeologen-zum-ringwall-und-ins-keltendorf\/","title":{"rendered":"Arch\u00e4o-Tour: Mit dem Arch\u00e4ologen zum Ringwall und ins Keltendorf"},"content":{"rendered":"\t\t<div data-elementor-type=\"wp-page\" data-elementor-id=\"1449\" class=\"elementor elementor-1449\" data-elementor-post-type=\"page\">\n\t\t\t\t\t\t<section class=\"elementor-section elementor-top-section elementor-element elementor-element-491b3a8 elementor-section-boxed elementor-section-height-default elementor-section-height-default\" data-id=\"491b3a8\" data-element_type=\"section\" data-e-type=\"section\">\n\t\t\t\t\t\t<div class=\"elementor-container elementor-column-gap-default\">\n\t\t\t\t\t<div class=\"elementor-column elementor-col-100 elementor-top-column elementor-element elementor-element-418e73e\" data-id=\"418e73e\" data-element_type=\"column\" data-e-type=\"column\">\n\t\t\t<div class=\"elementor-widget-wrap elementor-element-populated\">\n\t\t\t\t\t\t<div class=\"elementor-element elementor-element-b2b87d7 elementor-widget elementor-widget-text-editor\" data-id=\"b2b87d7\" data-element_type=\"widget\" data-e-type=\"widget\" data-widget_type=\"text-editor.default\">\n\t\t\t\t<div class=\"elementor-widget-container\">\n\t\t\t\t\t\t\t\t\t<h1><em><strong><span style=\"color: #000000;\">Arch\u00e4ologische Fachf\u00fchrung zum Ringwall und ins Keltendorf<\/span><\/strong><\/em><\/h1><p><span style=\"color: #000000;\">Diese Fachf\u00fchrung richtet sich an alle Kelten-Interessierte, die sich mehr Zeit f\u00fcr das Denkmal nehmen wollen. Der Altertumswissenschaftler Michael Koch begleitet Sie durch die Festungsanlage und plaudert aus dem arch\u00e4ologischen N\u00e4hk\u00e4stchen&#8230; Bei der Tour werden zahlreiche Hintergrundinformationen zur Festungsanlage wie auch zur Zeit der Kelten gegeben.\u00a0<\/span><\/p><p><span style=\"color: #000000;\">Wie gr\u00e4bt man eine untergegangene Keltenstadt aus? Welche Erkenntnisse hat man durch die Ausgrabungen in den letzten 140 Jahren gewonnen? Wie lebten die Kelten und welche Bedeutung hatte die Anlage f\u00fcr die Treverer? Wo residierte der F\u00fcrst und wo \u00fcbte der Druide den Kult aus? Wie entstand der &#8222;Hunnenring&#8220; und was war sein Ende? Welche Rolle spielte der Ringwall im Keltenland Hochwald-Hunsr\u00fcck-Nahe? Diese und viele weitere Fragen werden bei der Wanderung beantwortet.<\/span><\/p><p><span style=\"color: #000000;\">Die gemeinsame Mittagspause findet oben im Ringwall bei der Schutzh\u00fctte statt (eigene Rucksackverpflegung). Anschlie\u00dfend geht es hinab zum Keltendorf, wo die Teilnehmer durch das Dorf gef\u00fchrt werden und zahlreiche Infos zum Hintergrund des Keltenparks erhalten.<\/span><\/p><p><span style=\"color: #000000;\">Das Denkmal ist nicht nur arch\u00e4ologisch interessant, sondern hat auch im Lauf der Jahreszeiten viele reizvolle Ansichten zu bieten.<\/span><\/p><p><span style=\"color: #000000;\">Die Tour findet bei jedem Wetter statt (au\u00dfer bei Sturm).<\/span><\/p><p><span style=\"color: #000000;\"><strong>Termine 2020<\/strong>: <\/span><\/p><p><span style=\"color: #000000;\">08.02. &#8222;Freie Sicht: Perspektiven ohne st\u00f6rendes Blattwerk&#8220;<\/span><\/p><p><span style=\"color: #000000;\">26.04. &#8222;Unterwegs im frischen Bl\u00e4ttergr\u00fcn&#8220;<\/span><\/p><p><span style=\"color: #000000;\"> 09.05. &#8222;Im Zauber des Mai&#8230;&#8220;<\/span><\/p><p><span style=\"color: #000000;\">13.09. &#8222;Tag des offenen Denkmals, Stichwort: Nachhaltigkeit von Denkm\u00e4lern&#8220;<\/span><\/p><p><span style=\"color: #000000;\">10.10. &#8222;Ringwall im Herbst&#8220;<\/span><\/p><p><span style=\"color: #000000;\"><strong>Uhrzeit<\/strong>: 10.00 &#8211; 14.00 Uhr; Mittagspause im Ringwall (eigene Rucksackverpflegung)<\/span><\/p><p><span style=\"color: #000000;\"><strong>Strecke<\/strong>: 3,5 km, H\u00f6hendifferenz 135 m (Aufstieg)<\/span><\/p><p><span style=\"color: #000000;\"><strong>Treffpunkt<\/strong>: Keltenpark Kassenhaus<\/span><\/p><p><span style=\"color: #000000;\"><strong>Kosten<\/strong>: 10 \u20ac p. Person inkl. Eintritt Keltendorf<\/span><\/p><p><span style=\"color: #000000;\"><b>Veranstalter<\/b>: Gemeinde Nonnweiler<\/span><\/p>\t\t\t\t\t\t\t\t<\/div>\n\t\t\t\t<\/div>\n\t\t\t\t\t<\/div>\n\t\t<\/div>\n\t\t\t\t\t<\/div>\n\t\t<\/section>\n\t\t\t\t<section class=\"elementor-section elementor-top-section elementor-element elementor-element-9ad82dd elementor-section-boxed elementor-section-height-default elementor-section-height-default\" data-id=\"9ad82dd\" data-element_type=\"section\" data-e-type=\"section\">\n\t\t\t\t\t\t<div class=\"elementor-container elementor-column-gap-default\">\n\t\t\t\t\t<div class=\"elementor-column elementor-col-100 elementor-top-column elementor-element elementor-element-2c53566\" data-id=\"2c53566\" data-element_type=\"column\" data-e-type=\"column\">\n\t\t\t<div class=\"elementor-widget-wrap elementor-element-populated\">\n\t\t\t\t\t\t<div class=\"elementor-element elementor-element-2b30f93 elementor-widget elementor-widget-image\" data-id=\"2b30f93\" data-element_type=\"widget\" data-e-type=\"widget\" data-widget_type=\"image.default\">\n\t\t\t\t<div class=\"elementor-widget-container\">\n\t\t\t\t\t\t\t\t\t\t\t\t\t\t\t<img fetchpriority=\"high\" decoding=\"async\" width=\"525\" height=\"200\" src=\"http:\/\/home.hochwaldkelten.de\/wp-content\/uploads\/2020\/01\/Arch\u00e4otour-Kopie-1024x390.jpg\" class=\"attachment-large size-large wp-image-1451\" alt=\"\" srcset=\"http:\/\/home.hochwaldkelten.de\/wp-content\/uploads\/2020\/01\/Arch\u00e4otour-Kopie-1024x390.jpg 1024w, http:\/\/home.hochwaldkelten.de\/wp-content\/uploads\/2020\/01\/Arch\u00e4otour-Kopie-300x114.jpg 300w, http:\/\/home.hochwaldkelten.de\/wp-content\/uploads\/2020\/01\/Arch\u00e4otour-Kopie-768x292.jpg 768w, http:\/\/home.hochwaldkelten.de\/wp-content\/uploads\/2020\/01\/Arch\u00e4otour-Kopie-1536x585.jpg 1536w, http:\/\/home.hochwaldkelten.de\/wp-content\/uploads\/2020\/01\/Arch\u00e4otour-Kopie.jpg 1600w\" sizes=\"100vw\" \/>\t\t\t\t\t\t\t\t\t\t\t\t\t\t\t<\/div>\n\t\t\t\t<\/div>\n\t\t\t\t\t<\/div>\n\t\t<\/div>\n\t\t\t\t\t<\/div>\n\t\t<\/section>\n\t\t\t\t<\/div>\n\t\t","protected":false},"excerpt":{"rendered":"<p>Arch\u00e4ologische Fachf\u00fchrung zum Ringwall und ins Keltendorf Diese Fachf\u00fchrung richtet sich an alle Kelten-Interessierte, die sich mehr Zeit f\u00fcr das Denkmal nehmen wollen. Der Altertumswissenschaftler Michael Koch begleitet Sie durch die Festungsanlage und plaudert aus dem arch\u00e4ologischen N\u00e4hk\u00e4stchen&#8230; Bei der Tour werden zahlreiche Hintergrundinformationen zur Festungsanlage wie auch zur Zeit der Kelten gegeben.\u00a0 Wie gr\u00e4bt &hellip; <\/p>\n<p class=\"link-more\"><a href=\"http:\/\/home.hochwaldkelten.de\/archaeo-tour-mit-dem-archaeologen-zum-ringwall-und-ins-keltendorf\/\" class=\"more-link\"><span class=\"screen-reader-text\">\u201eArch\u00e4o-Tour: Mit dem Arch\u00e4ologen zum Ringwall und ins Keltendorf\u201c<\/span> weiterlesen<\/a><\/p>\n","protected":false},"author":1,"featured_media":0,"parent":0,"menu_order":0,"comment_status":"closed","ping_status":"closed","template":"","meta":{"footnotes":""},"class_list":["post-1449","page","type-page","status-publish","hentry"],"_links":{"self":[{"href":"http:\/\/home.hochwaldkelten.de\/wp-json\/wp\/v2\/pages\/1449","targetHints":{"allow":["GET"]}}],"collection":[{"href":"http:\/\/home.hochwaldkelten.de\/wp-json\/wp\/v2\/pages"}],"about":[{"href":"http:\/\/home.hochwaldkelten.de\/wp-json\/wp\/v2\/types\/page"}],"author":[{"embeddable":true,"href":"http:\/\/home.hochwaldkelten.de\/wp-json\/wp\/v2\/users\/1"}],"replies":[{"embeddable":true,"href":"http:\/\/home.hochwaldkelten.de\/wp-json\/wp\/v2\/comments?post=1449"}],"version-history":[{"count":9,"href":"http:\/\/home.hochwaldkelten.de\/wp-json\/wp\/v2\/pages\/1449\/revisions"}],"predecessor-version":[{"id":1871,"href":"http:\/\/home.hochwaldkelten.de\/wp-json\/wp\/v2\/pages\/1449\/revisions\/1871"}],"wp:attachment":[{"href":"http:\/\/home.hochwaldkelten.de\/wp-json\/wp\/v2\/media?parent=1449"}],"curies":[{"name":"wp","href":"https:\/\/api.w.org\/{rel}","templated":true}]}}